{"id":873,"date":"2022-02-17T15:31:36","date_gmt":"2022-02-17T18:31:36","guid":{"rendered":"https:\/\/skymedia2.works\/cedel\/alianzas\/"},"modified":"2026-05-07T18:02:14","modified_gmt":"2026-05-07T22:02:14","slug":"alianzas","status":"publish","type":"page","link":"https:\/\/centrodesarrollolocal.uc.cl\/en\/alianzas\/","title":{"rendered":"Alianzas"},"content":{"rendered":"\n<p>En nuestro compromiso por contribuir al desarrollo sustentable de las sociedades, como Centro mantenemos diversas alianzas estrat\u00e9gicas con socios con quienes trabajamos colaborativamente en el desarrollo de herramientas y pol\u00edticas p\u00fablicas que respondan a las necesidades de las comunidades.<\/p>\n\n\n\n<p>Adem\u00e1s de estas alianzas, el CEDEL UC es parte de la <a href=\"https:\/\/rcer.uc.cl\/\"><strong>Red de Estaciones y Centros Regionales de la UC (RCER)<\/strong>,<\/a> conformado por 8 estaciones y un centro ubicados desde el norte del pa\u00eds hasta el extremo sur, en un esfuerzo por generar capital cient\u00edfico en los distintos territorios.<\/p>\n\n\n\n<p>Por otro lado, el Centro tambi\u00e9n integra la <a href=\"https:\/\/redcertchile.cl\/\"><strong>Red de Centros de Estudios Regionales y Territoriales de Universidades Chilenas (RedCERT)<\/strong><\/a>, que agrupa a 18 centros de 14 universidades de 11 regiones del pa\u00eds.<\/p>\n\n\n\n<p><\/p>\n","protected":false},"excerpt":{"rendered":"<p>En nuestro compromiso por contribuir al desarrollo sustentable de las sociedades, como Centro mantenemos diversas alianzas estrat\u00e9gicas con socios con quienes trabajamos colaborativamente en el desarrollo de herramientas y pol\u00edticas p\u00fablicas que respondan a las necesidades de las comunidades. Adem\u00e1s de estas alianzas, el CEDEL UC es parte de la Red de Estaciones y Centros [&hellip;]<\/p>\n","protected":false},"author":1,"featured_media":0,"parent":0,"menu_order":8,"comment_status":"closed","ping_status":"closed","template":"page-template-alianzas.php","meta":{"_acf_changed":false,"footnotes":""},"class_list":["post-873","page","type-page","status-publish","hentry"],"acf":[],"yoast_head":"<!-- This site is optimized with the Yoast SEO plugin v27.5 - https:\/\/yoast.com\/product\/yoast-seo-wordpress\/ -->\n<title>Alianzas<\/title>\n<meta name=\"description\" content=\"Como parte de su estrategia, el Cedel UC se vincula y colabora con distintos socios estrat\u00e9gicos que permiten relevar la misi\u00f3n del Centro.\" \/>\n<meta name=\"robots\" content=\"index, follow, max-snippet:-1, max-image-preview:large, max-video-preview:-1\" \/>\n<link rel=\"canonical\" href=\"https:\/\/centrodesarrollolocal.uc.cl\/en\/alianzas\/\" \/>\n<meta property=\"og:locale\" content=\"en_US\" \/>\n<meta property=\"og:type\" content=\"article\" \/>\n<meta property=\"og:title\" content=\"Alianzas\" \/>\n<meta property=\"og:description\" content=\"Como parte de su estrategia, el Cedel UC se vincula y colabora con distintos socios estrat\u00e9gicos que permiten relevar la misi\u00f3n del Centro.\" \/>\n<meta property=\"og:url\" content=\"https:\/\/centrodesarrollolocal.uc.cl\/en\/alianzas\/\" \/>\n<meta property=\"og:site_name\" content=\"Centro UC Desarrollo Local\" \/>\n<meta property=\"article:modified_time\" content=\"2026-05-07T22:02:14+00:00\" \/>\n<meta name=\"twitter:card\" content=\"summary_large_image\" \/>\n<meta name=\"twitter:label1\" content=\"Est. reading time\" \/>\n\t<meta name=\"twitter:data1\" content=\"1 minute\" \/>\n<script type=\"application\/ld+json\" class=\"yoast-schema-graph\">{\"@context\":\"https:\\\/\\\/schema.org\",\"@graph\":[{\"@type\":\"WebPage\",\"@id\":\"https:\\\/\\\/centrodesarrollolocal.uc.cl\\\/en\\\/alianzas\\\/\",\"url\":\"https:\\\/\\\/centrodesarrollolocal.uc.cl\\\/en\\\/alianzas\\\/\",\"name\":\"Alianzas\",\"isPartOf\":{\"@id\":\"https:\\\/\\\/centrodesarrollolocal.uc.cl\\\/#website\"},\"datePublished\":\"2022-02-17T18:31:36+00:00\",\"dateModified\":\"2026-05-07T22:02:14+00:00\",\"description\":\"Como parte de su estrategia, el Cedel UC se vincula y colabora con distintos socios estrat\u00e9gicos que permiten relevar la misi\u00f3n del Centro.\",\"breadcrumb\":{\"@id\":\"https:\\\/\\\/centrodesarrollolocal.uc.cl\\\/en\\\/alianzas\\\/#breadcrumb\"},\"inLanguage\":\"en-US\",\"potentialAction\":[{\"@type\":\"ReadAction\",\"target\":[\"https:\\\/\\\/centrodesarrollolocal.uc.cl\\\/en\\\/alianzas\\\/\"]}]},{\"@type\":\"BreadcrumbList\",\"@id\":\"https:\\\/\\\/centrodesarrollolocal.uc.cl\\\/en\\\/alianzas\\\/#breadcrumb\",\"itemListElement\":[{\"@type\":\"ListItem\",\"position\":1,\"name\":\"Portada\",\"item\":\"https:\\\/\\\/centrodesarrollolocal.uc.cl\\\/\"},{\"@type\":\"ListItem\",\"position\":2,\"name\":\"Alianzas\"}]},{\"@type\":\"WebSite\",\"@id\":\"https:\\\/\\\/centrodesarrollolocal.uc.cl\\\/#website\",\"url\":\"https:\\\/\\\/centrodesarrollolocal.uc.cl\\\/\",\"name\":\"Centro UC Desarrollo Local\",\"description\":\"Creemos en la importancia de promover y facilitar la sustentabilidad local en una era global\",\"potentialAction\":[{\"@type\":\"SearchAction\",\"target\":{\"@type\":\"EntryPoint\",\"urlTemplate\":\"https:\\\/\\\/centrodesarrollolocal.uc.cl\\\/?s={search_term_string}\"},\"query-input\":{\"@type\":\"PropertyValueSpecification\",\"valueRequired\":true,\"valueName\":\"search_term_string\"}}],\"inLanguage\":\"en-US\"}]}<\/script>\n<!-- \/ Yoast SEO plugin. -->","yoast_head_json":{"title":"Alianzas","description":"Como parte de su estrategia, el Cedel UC se vincula y colabora con distintos socios estrat\u00e9gicos que permiten relevar la misi\u00f3n del Centro.","robots":{"index":"index","follow":"follow","max-snippet":"max-snippet:-1","max-image-preview":"max-image-preview:large","max-video-preview":"max-video-preview:-1"},"canonical":"https:\/\/centrodesarrollolocal.uc.cl\/en\/alianzas\/","og_locale":"en_US","og_type":"article","og_title":"Alianzas","og_description":"Como parte de su estrategia, el Cedel UC se vincula y colabora con distintos socios estrat\u00e9gicos que permiten relevar la misi\u00f3n del Centro.","og_url":"https:\/\/centrodesarrollolocal.uc.cl\/en\/alianzas\/","og_site_name":"Centro UC Desarrollo Local","article_modified_time":"2026-05-07T22:02:14+00:00","twitter_card":"summary_large_image","twitter_misc":{"Est. reading time":"1 minute"},"schema":{"@context":"https:\/\/schema.org","@graph":[{"@type":"WebPage","@id":"https:\/\/centrodesarrollolocal.uc.cl\/en\/alianzas\/","url":"https:\/\/centrodesarrollolocal.uc.cl\/en\/alianzas\/","name":"Alianzas","isPartOf":{"@id":"https:\/\/centrodesarrollolocal.uc.cl\/#website"},"datePublished":"2022-02-17T18:31:36+00:00","dateModified":"2026-05-07T22:02:14+00:00","description":"Como parte de su estrategia, el Cedel UC se vincula y colabora con distintos socios estrat\u00e9gicos que permiten relevar la misi\u00f3n del Centro.","breadcrumb":{"@id":"https:\/\/centrodesarrollolocal.uc.cl\/en\/alianzas\/#breadcrumb"},"inLanguage":"en-US","potentialAction":[{"@type":"ReadAction","target":["https:\/\/centrodesarrollolocal.uc.cl\/en\/alianzas\/"]}]},{"@type":"BreadcrumbList","@id":"https:\/\/centrodesarrollolocal.uc.cl\/en\/alianzas\/#breadcrumb","itemListElement":[{"@type":"ListItem","position":1,"name":"Portada","item":"https:\/\/centrodesarrollolocal.uc.cl\/"},{"@type":"ListItem","position":2,"name":"Alianzas"}]},{"@type":"WebSite","@id":"https:\/\/centrodesarrollolocal.uc.cl\/#website","url":"https:\/\/centrodesarrollolocal.uc.cl\/","name":"Centro UC Desarrollo Local","description":"Creemos en la importancia de promover y facilitar la sustentabilidad local en una era global","potentialAction":[{"@type":"SearchAction","target":{"@type":"EntryPoint","urlTemplate":"https:\/\/centrodesarrollolocal.uc.cl\/?s={search_term_string}"},"query-input":{"@type":"PropertyValueSpecification","valueRequired":true,"valueName":"search_term_string"}}],"inLanguage":"en-US"}]}},"_links":{"self":[{"href":"https:\/\/centrodesarrollolocal.uc.cl\/en\/wp-json\/wp\/v2\/pages\/873","targetHints":{"allow":["GET"]}}],"collection":[{"href":"https:\/\/centrodesarrollolocal.uc.cl\/en\/wp-json\/wp\/v2\/pages"}],"about":[{"href":"https:\/\/centrodesarrollolocal.uc.cl\/en\/wp-json\/wp\/v2\/types\/page"}],"author":[{"embeddable":true,"href":"https:\/\/centrodesarrollolocal.uc.cl\/en\/wp-json\/wp\/v2\/users\/1"}],"replies":[{"embeddable":true,"href":"https:\/\/centrodesarrollolocal.uc.cl\/en\/wp-json\/wp\/v2\/comments?post=873"}],"version-history":[{"count":2,"href":"https:\/\/centrodesarrollolocal.uc.cl\/en\/wp-json\/wp\/v2\/pages\/873\/revisions"}],"predecessor-version":[{"id":7841,"href":"https:\/\/centrodesarrollolocal.uc.cl\/en\/wp-json\/wp\/v2\/pages\/873\/revisions\/7841"}],"wp:attachment":[{"href":"https:\/\/centrodesarrollolocal.uc.cl\/en\/wp-json\/wp\/v2\/media?parent=873"}],"curies":[{"name":"wp","href":"https:\/\/api.w.org\/{rel}","templated":true}]}}