{"id":858,"date":"2022-02-18T12:44:23","date_gmt":"2022-02-18T15:44:23","guid":{"rendered":"https:\/\/skymedia2.works\/cedel\/the-center\/"},"modified":"2025-05-06T14:54:28","modified_gmt":"2025-05-06T18:54:28","slug":"el-centro","status":"publish","type":"page","link":"https:\/\/centrodesarrollolocal.uc.cl\/en\/el-centro\/","title":{"rendered":"El Centro"},"content":{"rendered":"\n<div class=\"wp-block-columns is-layout-flex wp-container-core-columns-is-layout-9d6595d7 wp-block-columns-is-layout-flex\">\n<div class=\"wp-block-column is-layout-flow wp-block-column-is-layout-flow\">\n<p>El <strong>Centro UC de Desarrollo Local, Educaci\u00f3n e Interculturalidad<\/strong> (<strong>Cedel UC<\/strong>), creado en el a\u00f1o 2010, est\u00e1 orientado a consolidar un trabajo interdisciplinario e interinstitucional de investigaci\u00f3n y formaci\u00f3n basado en un enfoque territorial y participativo.<\/p>\n\n\n\n<p>Se caracteriza por definir alternativas de desarrollo con pertinencia local a partir de la participaci\u00f3n de los actores tanto a nivel de diagn\u00f3stico, planificaci\u00f3n como gesti\u00f3n del desarrollo en su territorio. El <strong>Cedel UC<\/strong> plantea como principal eje la perspectiva del desarrollo local que implica la generaci\u00f3n, observaci\u00f3n y gesti\u00f3n de informaci\u00f3n local, basado en el paradigma de la sustentabilidad, que permita tomar decisiones pertinentes y sustentables por sus propios habitantes, impulsadas por estrategias de democratizaci\u00f3n de la informaci\u00f3n.<\/p>\n\n\n\n<p>El Centro toma con especial relevancia la consideraci\u00f3n y conexiones entre el emplazamiento de los asentamientos humanos, sus procesos hist\u00f3ricos culturales y la din\u00e1mica de los sistemas naturales, permitiendo avanzar hacia la visi\u00f3n de futuro que se desea, como tambi\u00e9n apoyar y definir las medidas necesarias para lograrlo.<\/p>\n\n\n\n<p>El <strong>Cedel UC<\/strong> es un centro interdisciplinario formado por el <strong><a href=\"https:\/\/villarrica.uc.cl\/\" target=\"_blank\" rel=\"noreferrer noopener\">Campus Villarrica<\/a><\/strong>, la <strong><a href=\"https:\/\/agronomia.uc.cl\/\" target=\"_blank\" rel=\"noreferrer noopener\">Facultad de Agronom\u00eda y Sistemas Naturales<\/a><\/strong>, la <strong><a href=\"https:\/\/fadeu.uc.cl\/\" target=\"_blank\" rel=\"noreferrer noopener\">Facultad de Arquitectura, Dise\u00f1o y Estudios Urbanos<\/a><\/strong>, la <strong><a href=\"https:\/\/cienciassociales.uc.cl\/\" target=\"_blank\" rel=\"noreferrer noopener\">Facultad de Ciencias Sociales<\/a><\/strong>, la <strong><a href=\"https:\/\/historiageografiaycienciapolitica.uc.cl\/\" target=\"_blank\" rel=\"noreferrer noopener\">Facultad de Historia<\/a>, <\/strong>y la <strong><a href=\"https:\/\/facultadmedicina.uc.cl\/\" target=\"_blank\" rel=\"noreferrer noopener\">Facultad de Medicina<\/a><\/strong>.<\/p>\n<\/div>\n<\/div>\n\n\n\n<p><\/p>\n","protected":false},"excerpt":{"rendered":"<p>El Centro UC de Desarrollo Local, Educaci\u00f3n e Interculturalidad (Cedel UC), creado en el a\u00f1o 2010, est\u00e1 orientado a consolidar un trabajo interdisciplinario e interinstitucional de investigaci\u00f3n y formaci\u00f3n basado en un enfoque territorial y participativo. Se caracteriza por definir alternativas de desarrollo con pertinencia local a partir de la participaci\u00f3n de los actores tanto [&hellip;]<\/p>\n","protected":false},"author":1,"featured_media":0,"parent":0,"menu_order":5,"comment_status":"closed","ping_status":"closed","template":"page-template-centro.php","meta":{"_acf_changed":false,"footnotes":""},"class_list":["post-858","page","type-page","status-publish","hentry"],"acf":[],"yoast_head":"<!-- This site is optimized with the Yoast SEO plugin v24.6 - https:\/\/yoast.com\/wordpress\/plugins\/seo\/ -->\n<title>CEDEL UC - El Centro<\/title>\n<meta name=\"description\" content=\"Desde Villarrica, el CEDEL UC promueve la investigaci\u00f3n, el desarrollo y la transferencia para el desarrollo local sustentable.\" \/>\n<meta name=\"robots\" content=\"index, follow, max-snippet:-1, max-image-preview:large, max-video-preview:-1\" \/>\n<link rel=\"canonical\" href=\"https:\/\/centrodesarrollolocal.uc.cl\/en\/el-centro\/\" \/>\n<meta property=\"og:locale\" content=\"en_US\" \/>\n<meta property=\"og:type\" content=\"article\" \/>\n<meta property=\"og:title\" content=\"CEDEL UC - El Centro\" \/>\n<meta property=\"og:description\" content=\"Desde Villarrica, el CEDEL UC promueve la investigaci\u00f3n, el desarrollo y la transferencia para el desarrollo local sustentable.\" \/>\n<meta property=\"og:url\" content=\"https:\/\/centrodesarrollolocal.uc.cl\/en\/el-centro\/\" \/>\n<meta property=\"og:site_name\" content=\"Centro UC Desarrollo Local\" \/>\n<meta property=\"article:modified_time\" content=\"2025-05-06T18:54:28+00:00\" \/>\n<meta name=\"twitter:card\" content=\"summary_large_image\" \/>\n<meta name=\"twitter:label1\" content=\"Est. reading time\" \/>\n\t<meta name=\"twitter:data1\" content=\"1 minute\" \/>\n<script type=\"application\/ld+json\" class=\"yoast-schema-graph\">{\"@context\":\"https:\/\/schema.org\",\"@graph\":[{\"@type\":[\"WebPage\",\"AboutPage\"],\"@id\":\"https:\/\/centrodesarrollolocal.uc.cl\/en\/el-centro\/\",\"url\":\"https:\/\/centrodesarrollolocal.uc.cl\/en\/el-centro\/\",\"name\":\"CEDEL UC - El Centro\",\"isPartOf\":{\"@id\":\"https:\/\/centrodesarrollolocal.uc.cl\/#website\"},\"datePublished\":\"2022-02-18T15:44:23+00:00\",\"dateModified\":\"2025-05-06T18:54:28+00:00\",\"description\":\"Desde Villarrica, el CEDEL UC promueve la investigaci\u00f3n, el desarrollo y la transferencia para el desarrollo local sustentable.\",\"breadcrumb\":{\"@id\":\"https:\/\/centrodesarrollolocal.uc.cl\/en\/el-centro\/#breadcrumb\"},\"inLanguage\":\"en-US\",\"potentialAction\":[{\"@type\":\"ReadAction\",\"target\":[\"https:\/\/centrodesarrollolocal.uc.cl\/en\/el-centro\/\"]}]},{\"@type\":\"BreadcrumbList\",\"@id\":\"https:\/\/centrodesarrollolocal.uc.cl\/en\/el-centro\/#breadcrumb\",\"itemListElement\":[{\"@type\":\"ListItem\",\"position\":1,\"name\":\"Portada\",\"item\":\"https:\/\/centrodesarrollolocal.uc.cl\/\"},{\"@type\":\"ListItem\",\"position\":2,\"name\":\"El Centro\"}]},{\"@type\":\"WebSite\",\"@id\":\"https:\/\/centrodesarrollolocal.uc.cl\/#website\",\"url\":\"https:\/\/centrodesarrollolocal.uc.cl\/\",\"name\":\"Centro UC Desarrollo Local\",\"description\":\"Creemos en la importancia de promover y facilitar la sustentabilidad local en una era global\",\"potentialAction\":[{\"@type\":\"SearchAction\",\"target\":{\"@type\":\"EntryPoint\",\"urlTemplate\":\"https:\/\/centrodesarrollolocal.uc.cl\/?s={search_term_string}\"},\"query-input\":{\"@type\":\"PropertyValueSpecification\",\"valueRequired\":true,\"valueName\":\"search_term_string\"}}],\"inLanguage\":\"en-US\"}]}<\/script>\n<!-- \/ Yoast SEO plugin. -->","yoast_head_json":{"title":"CEDEL UC - El Centro","description":"Desde Villarrica, el CEDEL UC promueve la investigaci\u00f3n, el desarrollo y la transferencia para el desarrollo local sustentable.","robots":{"index":"index","follow":"follow","max-snippet":"max-snippet:-1","max-image-preview":"max-image-preview:large","max-video-preview":"max-video-preview:-1"},"canonical":"https:\/\/centrodesarrollolocal.uc.cl\/en\/el-centro\/","og_locale":"en_US","og_type":"article","og_title":"CEDEL UC - El Centro","og_description":"Desde Villarrica, el CEDEL UC promueve la investigaci\u00f3n, el desarrollo y la transferencia para el desarrollo local sustentable.","og_url":"https:\/\/centrodesarrollolocal.uc.cl\/en\/el-centro\/","og_site_name":"Centro UC Desarrollo Local","article_modified_time":"2025-05-06T18:54:28+00:00","twitter_card":"summary_large_image","twitter_misc":{"Est. reading time":"1 minute"},"schema":{"@context":"https:\/\/schema.org","@graph":[{"@type":["WebPage","AboutPage"],"@id":"https:\/\/centrodesarrollolocal.uc.cl\/en\/el-centro\/","url":"https:\/\/centrodesarrollolocal.uc.cl\/en\/el-centro\/","name":"CEDEL UC - El Centro","isPartOf":{"@id":"https:\/\/centrodesarrollolocal.uc.cl\/#website"},"datePublished":"2022-02-18T15:44:23+00:00","dateModified":"2025-05-06T18:54:28+00:00","description":"Desde Villarrica, el CEDEL UC promueve la investigaci\u00f3n, el desarrollo y la transferencia para el desarrollo local sustentable.","breadcrumb":{"@id":"https:\/\/centrodesarrollolocal.uc.cl\/en\/el-centro\/#breadcrumb"},"inLanguage":"en-US","potentialAction":[{"@type":"ReadAction","target":["https:\/\/centrodesarrollolocal.uc.cl\/en\/el-centro\/"]}]},{"@type":"BreadcrumbList","@id":"https:\/\/centrodesarrollolocal.uc.cl\/en\/el-centro\/#breadcrumb","itemListElement":[{"@type":"ListItem","position":1,"name":"Portada","item":"https:\/\/centrodesarrollolocal.uc.cl\/"},{"@type":"ListItem","position":2,"name":"El Centro"}]},{"@type":"WebSite","@id":"https:\/\/centrodesarrollolocal.uc.cl\/#website","url":"https:\/\/centrodesarrollolocal.uc.cl\/","name":"Centro UC Desarrollo Local","description":"Creemos en la importancia de promover y facilitar la sustentabilidad local en una era global","potentialAction":[{"@type":"SearchAction","target":{"@type":"EntryPoint","urlTemplate":"https:\/\/centrodesarrollolocal.uc.cl\/?s={search_term_string}"},"query-input":{"@type":"PropertyValueSpecification","valueRequired":true,"valueName":"search_term_string"}}],"inLanguage":"en-US"}]}},"_links":{"self":[{"href":"https:\/\/centrodesarrollolocal.uc.cl\/en\/wp-json\/wp\/v2\/pages\/858","targetHints":{"allow":["GET"]}}],"collection":[{"href":"https:\/\/centrodesarrollolocal.uc.cl\/en\/wp-json\/wp\/v2\/pages"}],"about":[{"href":"https:\/\/centrodesarrollolocal.uc.cl\/en\/wp-json\/wp\/v2\/types\/page"}],"author":[{"embeddable":true,"href":"https:\/\/centrodesarrollolocal.uc.cl\/en\/wp-json\/wp\/v2\/users\/1"}],"replies":[{"embeddable":true,"href":"https:\/\/centrodesarrollolocal.uc.cl\/en\/wp-json\/wp\/v2\/comments?post=858"}],"version-history":[{"count":0,"href":"https:\/\/centrodesarrollolocal.uc.cl\/en\/wp-json\/wp\/v2\/pages\/858\/revisions"}],"wp:attachment":[{"href":"https:\/\/centrodesarrollolocal.uc.cl\/en\/wp-json\/wp\/v2\/media?parent=858"}],"curies":[{"name":"wp","href":"https:\/\/api.w.org\/{rel}","templated":true}]}}