{"id":1455,"date":"2022-02-18T16:58:51","date_gmt":"2022-02-18T19:58:51","guid":{"rendered":"https:\/\/skymedia2.works\/cedel\/contacto\/"},"modified":"2025-05-14T10:10:53","modified_gmt":"2025-05-14T14:10:53","slug":"contacto","status":"publish","type":"page","link":"https:\/\/centrodesarrollolocal.uc.cl\/en\/contacto\/","title":{"rendered":"Contacto"},"content":{"rendered":"\n<div class=\"wp-block-contact-form-7-contact-form-selector\">\n<div class=\"wpcf7 no-js\" id=\"wpcf7-f1623-o1\" lang=\"es-CL\" dir=\"ltr\" data-wpcf7-id=\"1623\">\n<div class=\"screen-reader-response\"><p role=\"status\" aria-live=\"polite\" aria-atomic=\"true\"><\/p> <ul><\/ul><\/div>\n<form action=\"\/en\/wp-json\/wp\/v2\/pages\/1455#wpcf7-f1623-o1\" method=\"post\" class=\"wpcf7-form init\" aria-label=\"Formulario de contacto\" novalidate=\"novalidate\" data-status=\"init\">\n<fieldset class=\"hidden-fields-container\"><input type=\"hidden\" name=\"_wpcf7\" value=\"1623\" \/><input type=\"hidden\" name=\"_wpcf7_version\" value=\"6.1.5\" \/><input type=\"hidden\" name=\"_wpcf7_locale\" value=\"es_CL\" \/><input type=\"hidden\" name=\"_wpcf7_unit_tag\" value=\"wpcf7-f1623-o1\" \/><input type=\"hidden\" name=\"_wpcf7_container_post\" value=\"0\" \/><input type=\"hidden\" name=\"_wpcf7_posted_data_hash\" value=\"\" \/>\n<\/fieldset>\n<div class=\"row\">\n<div class=\"col-lg-12\">\n<p class=\"p-size--sm p-text--condensed p-color--gray mb-0 mt-32\">(*) Campos obligatorios necesarios para poder responder a tu consulta.<\/p>\n<\/div>\n    <div class=\"col-md-6\">\n        <div class=\"uc-form-group\">\n            <label>Nombre*<\/label>\n            <span class=\"wpcf7-form-control-wrap\" data-name=\"nombre\"><input size=\"40\" maxlength=\"400\" class=\"wpcf7-form-control wpcf7-text wpcf7-validates-as-required uc-input-style\" aria-required=\"true\" aria-invalid=\"false\" placeholder=\"Nombre\" value=\"\" type=\"text\" name=\"nombre\" \/><\/span>\n        <\/div>\n    <\/div>\n\n    <div class=\"col-md-6\">\n        <div class=\"uc-form-group\">\n            <label>Apellido*<\/label>\n            <span class=\"wpcf7-form-control-wrap\" data-name=\"apellido\"><input size=\"40\" maxlength=\"400\" class=\"wpcf7-form-control wpcf7-text wpcf7-validates-as-required uc-input-style\" aria-required=\"true\" aria-invalid=\"false\" placeholder=\"Apellido\" value=\"\" type=\"text\" name=\"apellido\" \/><\/span>\n        <\/div>\n    <\/div>\n\n<div class=\"col-md-12\">\n        <div class=\"uc-form-group\">\n            <label>Email*<\/label>\n            <span class=\"wpcf7-form-control-wrap\" data-name=\"your-email\"><input size=\"40\" maxlength=\"400\" class=\"wpcf7-form-control wpcf7-email wpcf7-validates-as-required wpcf7-text wpcf7-validates-as-email uc-input-style\" aria-required=\"true\" aria-invalid=\"false\" placeholder=\"correo@uc.cl\" value=\"\" type=\"email\" name=\"your-email\" \/><\/span>\n        <\/div>\n    <\/div>\n\n  <div class=\"col-md-12\">\n        <div class=\"uc-form-group\">\n            <label>Redacta tu mensaje*<\/label>\n            <span class=\"wpcf7-form-control-wrap\" data-name=\"mensaje\"><textarea cols=\"40\" rows=\"10\" maxlength=\"2000\" class=\"wpcf7-form-control wpcf7-textarea wpcf7-validates-as-required uc-input-style\" aria-required=\"true\" aria-invalid=\"false\" placeholder=\"Ingresar mensaje\" name=\"mensaje\"><\/textarea><\/span>\n        <\/div>\n    <\/div>\n   \n\n\n    <div class=\"col-md-12\">\n        <hr class=\"uc-hr mb-32\">\n        <div class=\"uc-card\">\n            <div class=\"uc-card_body\">\n                <p>Autorizo expresamente a la UC para tratar los datos personales para que me contacten. Los datos personales ser\u00e1n usados solamente para esta finalidad y se <strong>mantendr\u00e1n mientras sean requeridos por Ley<\/strong>. <\/p>\n                <span class=\"wpcf7-form-control-wrap\" data-name=\"acceptance-274\"><span class=\"wpcf7-form-control wpcf7-acceptance\"><span class=\"wpcf7-list-item\"><label><input type=\"checkbox\" name=\"acceptance-274\" value=\"1\" aria-invalid=\"false\" \/><span class=\"wpcf7-list-item-label\">Acepto que la UC trate mis datos personales para que me contacten, y he le\u00eddo y acepto la <a href=\"https:\/\/protecciondedatos.uc.cl\/politicas\" target=\"_blank\">Pol\u00edtica de Privacidad UC<\/a>.<\/span><\/label><\/span><\/span><\/span>\n\n            <\/div>\n        <\/div>\n    <\/div>\n\n    <div class=\"col-md-12 mt-32\">\n        <div class=\"text-center\">\n           <input class=\"wpcf7-form-control wpcf7-submit has-spinner uc-btn btn-cta\" type=\"submit\" value=\"Enviar\" \/>\n        <\/div>\n    <\/div>\n\n<\/div><div class=\"wpcf7-response-output\" aria-hidden=\"true\"><\/div>\n<\/form>\n<\/div>\n<\/div>\n\n\n\n<p><\/p>\n","protected":false},"excerpt":{"rendered":"","protected":false},"author":1,"featured_media":0,"parent":0,"menu_order":4,"comment_status":"closed","ping_status":"closed","template":"page-template-contacto.php","meta":{"_acf_changed":false,"footnotes":""},"class_list":["post-1455","page","type-page","status-publish","hentry"],"acf":[],"yoast_head":"<!-- This site is optimized with the Yoast SEO plugin v27.5 - https:\/\/yoast.com\/product\/yoast-seo-wordpress\/ -->\n<title>Contacto<\/title>\n<meta name=\"description\" content=\"Comun\u00edcate con el Centro a trav\u00e9s de los distintos canales de comunicaci\u00f3n que hemos dispuesto para ti.\" \/>\n<meta name=\"robots\" content=\"index, follow, max-snippet:-1, max-image-preview:large, max-video-preview:-1\" \/>\n<link rel=\"canonical\" href=\"https:\/\/centrodesarrollolocal.uc.cl\/en\/contacto\/\" \/>\n<meta property=\"og:locale\" content=\"en_US\" \/>\n<meta property=\"og:type\" content=\"article\" \/>\n<meta property=\"og:title\" content=\"Contacto\" \/>\n<meta property=\"og:description\" content=\"Comun\u00edcate con el Centro a trav\u00e9s de los distintos canales de comunicaci\u00f3n que hemos dispuesto para ti.\" \/>\n<meta property=\"og:url\" content=\"https:\/\/centrodesarrollolocal.uc.cl\/en\/contacto\/\" \/>\n<meta property=\"og:site_name\" content=\"Centro UC Desarrollo Local\" \/>\n<meta property=\"article:modified_time\" content=\"2025-05-14T14:10:53+00:00\" \/>\n<meta name=\"twitter:card\" content=\"summary_large_image\" \/>\n<meta name=\"twitter:label1\" content=\"Est. reading time\" \/>\n\t<meta name=\"twitter:data1\" content=\"1 minute\" \/>\n<script type=\"application\/ld+json\" class=\"yoast-schema-graph\">{\"@context\":\"https:\\\/\\\/schema.org\",\"@graph\":[{\"@type\":\"WebPage\",\"@id\":\"https:\\\/\\\/centrodesarrollolocal.uc.cl\\\/en\\\/contacto\\\/\",\"url\":\"https:\\\/\\\/centrodesarrollolocal.uc.cl\\\/en\\\/contacto\\\/\",\"name\":\"Contacto\",\"isPartOf\":{\"@id\":\"https:\\\/\\\/centrodesarrollolocal.uc.cl\\\/#website\"},\"datePublished\":\"2022-02-18T19:58:51+00:00\",\"dateModified\":\"2025-05-14T14:10:53+00:00\",\"description\":\"Comun\u00edcate con el Centro a trav\u00e9s de los distintos canales de comunicaci\u00f3n que hemos dispuesto para ti.\",\"breadcrumb\":{\"@id\":\"https:\\\/\\\/centrodesarrollolocal.uc.cl\\\/en\\\/contacto\\\/#breadcrumb\"},\"inLanguage\":\"en-US\",\"potentialAction\":[{\"@type\":\"ReadAction\",\"target\":[\"https:\\\/\\\/centrodesarrollolocal.uc.cl\\\/en\\\/contacto\\\/\"]}]},{\"@type\":\"BreadcrumbList\",\"@id\":\"https:\\\/\\\/centrodesarrollolocal.uc.cl\\\/en\\\/contacto\\\/#breadcrumb\",\"itemListElement\":[{\"@type\":\"ListItem\",\"position\":1,\"name\":\"Portada\",\"item\":\"https:\\\/\\\/centrodesarrollolocal.uc.cl\\\/\"},{\"@type\":\"ListItem\",\"position\":2,\"name\":\"Contacto\"}]},{\"@type\":\"WebSite\",\"@id\":\"https:\\\/\\\/centrodesarrollolocal.uc.cl\\\/#website\",\"url\":\"https:\\\/\\\/centrodesarrollolocal.uc.cl\\\/\",\"name\":\"Centro UC Desarrollo Local\",\"description\":\"Creemos en la importancia de promover y facilitar la sustentabilidad local en una era global\",\"potentialAction\":[{\"@type\":\"SearchAction\",\"target\":{\"@type\":\"EntryPoint\",\"urlTemplate\":\"https:\\\/\\\/centrodesarrollolocal.uc.cl\\\/?s={search_term_string}\"},\"query-input\":{\"@type\":\"PropertyValueSpecification\",\"valueRequired\":true,\"valueName\":\"search_term_string\"}}],\"inLanguage\":\"en-US\"}]}<\/script>\n<!-- \/ Yoast SEO plugin. -->","yoast_head_json":{"title":"Contacto","description":"Comun\u00edcate con el Centro a trav\u00e9s de los distintos canales de comunicaci\u00f3n que hemos dispuesto para ti.","robots":{"index":"index","follow":"follow","max-snippet":"max-snippet:-1","max-image-preview":"max-image-preview:large","max-video-preview":"max-video-preview:-1"},"canonical":"https:\/\/centrodesarrollolocal.uc.cl\/en\/contacto\/","og_locale":"en_US","og_type":"article","og_title":"Contacto","og_description":"Comun\u00edcate con el Centro a trav\u00e9s de los distintos canales de comunicaci\u00f3n que hemos dispuesto para ti.","og_url":"https:\/\/centrodesarrollolocal.uc.cl\/en\/contacto\/","og_site_name":"Centro UC Desarrollo Local","article_modified_time":"2025-05-14T14:10:53+00:00","twitter_card":"summary_large_image","twitter_misc":{"Est. reading time":"1 minute"},"schema":{"@context":"https:\/\/schema.org","@graph":[{"@type":"WebPage","@id":"https:\/\/centrodesarrollolocal.uc.cl\/en\/contacto\/","url":"https:\/\/centrodesarrollolocal.uc.cl\/en\/contacto\/","name":"Contacto","isPartOf":{"@id":"https:\/\/centrodesarrollolocal.uc.cl\/#website"},"datePublished":"2022-02-18T19:58:51+00:00","dateModified":"2025-05-14T14:10:53+00:00","description":"Comun\u00edcate con el Centro a trav\u00e9s de los distintos canales de comunicaci\u00f3n que hemos dispuesto para ti.","breadcrumb":{"@id":"https:\/\/centrodesarrollolocal.uc.cl\/en\/contacto\/#breadcrumb"},"inLanguage":"en-US","potentialAction":[{"@type":"ReadAction","target":["https:\/\/centrodesarrollolocal.uc.cl\/en\/contacto\/"]}]},{"@type":"BreadcrumbList","@id":"https:\/\/centrodesarrollolocal.uc.cl\/en\/contacto\/#breadcrumb","itemListElement":[{"@type":"ListItem","position":1,"name":"Portada","item":"https:\/\/centrodesarrollolocal.uc.cl\/"},{"@type":"ListItem","position":2,"name":"Contacto"}]},{"@type":"WebSite","@id":"https:\/\/centrodesarrollolocal.uc.cl\/#website","url":"https:\/\/centrodesarrollolocal.uc.cl\/","name":"Centro UC Desarrollo Local","description":"Creemos en la importancia de promover y facilitar la sustentabilidad local en una era global","potentialAction":[{"@type":"SearchAction","target":{"@type":"EntryPoint","urlTemplate":"https:\/\/centrodesarrollolocal.uc.cl\/?s={search_term_string}"},"query-input":{"@type":"PropertyValueSpecification","valueRequired":true,"valueName":"search_term_string"}}],"inLanguage":"en-US"}]}},"_links":{"self":[{"href":"https:\/\/centrodesarrollolocal.uc.cl\/en\/wp-json\/wp\/v2\/pages\/1455","targetHints":{"allow":["GET"]}}],"collection":[{"href":"https:\/\/centrodesarrollolocal.uc.cl\/en\/wp-json\/wp\/v2\/pages"}],"about":[{"href":"https:\/\/centrodesarrollolocal.uc.cl\/en\/wp-json\/wp\/v2\/types\/page"}],"author":[{"embeddable":true,"href":"https:\/\/centrodesarrollolocal.uc.cl\/en\/wp-json\/wp\/v2\/users\/1"}],"replies":[{"embeddable":true,"href":"https:\/\/centrodesarrollolocal.uc.cl\/en\/wp-json\/wp\/v2\/comments?post=1455"}],"version-history":[{"count":0,"href":"https:\/\/centrodesarrollolocal.uc.cl\/en\/wp-json\/wp\/v2\/pages\/1455\/revisions"}],"wp:attachment":[{"href":"https:\/\/centrodesarrollolocal.uc.cl\/en\/wp-json\/wp\/v2\/media?parent=1455"}],"curies":[{"name":"wp","href":"https:\/\/api.w.org\/{rel}","templated":true}]}}