{"id":1452,"date":"2022-02-18T14:59:05","date_gmt":"2022-02-18T17:59:05","guid":{"rendered":"https:\/\/skymedia2.works\/cedel\/investigacion\/lineas-de-accion\/"},"modified":"2025-06-03T16:56:06","modified_gmt":"2025-06-03T20:56:06","slug":"lineas_de_accion","status":"publish","type":"page","link":"https:\/\/centrodesarrollolocal.uc.cl\/en\/lineas_de_accion\/","title":{"rendered":"L\u00edneas de investigaci\u00f3n y desarrollo"},"content":{"rendered":"\n<p>Las publicaciones y proyectos de investigaci\u00f3n que surgen desde el Centro se dan dentro del marco de cuatro l\u00edneas de investigaci\u00f3n y desarrollo vitales para generar aportes en la sustentabilidad, aportando en distintos \u00e1mbitos del territorio.<\/p>\n\n\n\n<p><\/p>\n","protected":false},"excerpt":{"rendered":"<p>Las publicaciones y proyectos de investigaci\u00f3n que surgen desde el Centro se dan dentro del marco de cuatro l\u00edneas de investigaci\u00f3n y desarrollo vitales para generar aportes en la sustentabilidad, aportando en distintos \u00e1mbitos del territorio.<\/p>\n","protected":false},"author":1,"featured_media":0,"parent":0,"menu_order":10,"comment_status":"closed","ping_status":"closed","template":"page-template-lineas.php","meta":{"_acf_changed":false,"footnotes":""},"class_list":["post-1452","page","type-page","status-publish","hentry"],"acf":[],"yoast_head":"<!-- This site is optimized with the Yoast SEO plugin v24.6 - https:\/\/yoast.com\/wordpress\/plugins\/seo\/ -->\n<title>L\u00edneas de investigaci\u00f3n y desarrollo<\/title>\n<meta name=\"description\" content=\"A trav\u00e9s de cuatro l\u00edneas de investigaci\u00f3n, el Centro promueve investigaciones pertinentes con los territorios.\" \/>\n<meta name=\"robots\" content=\"index, follow, max-snippet:-1, max-image-preview:large, max-video-preview:-1\" \/>\n<link rel=\"canonical\" href=\"https:\/\/centrodesarrollolocal.uc.cl\/en\/lineas_de_accion\/\" \/>\n<meta property=\"og:locale\" content=\"en_US\" \/>\n<meta property=\"og:type\" content=\"article\" \/>\n<meta property=\"og:title\" content=\"L\u00edneas de investigaci\u00f3n y desarrollo\" \/>\n<meta property=\"og:description\" content=\"A trav\u00e9s de cuatro l\u00edneas de investigaci\u00f3n, el Centro promueve investigaciones pertinentes con los territorios.\" \/>\n<meta property=\"og:url\" content=\"https:\/\/centrodesarrollolocal.uc.cl\/en\/lineas_de_accion\/\" \/>\n<meta property=\"og:site_name\" content=\"Centro UC Desarrollo Local\" \/>\n<meta property=\"article:modified_time\" content=\"2025-06-03T20:56:06+00:00\" \/>\n<meta name=\"twitter:card\" content=\"summary_large_image\" \/>\n<meta name=\"twitter:label1\" content=\"Est. reading time\" \/>\n\t<meta name=\"twitter:data1\" content=\"1 minute\" \/>\n<script type=\"application\/ld+json\" class=\"yoast-schema-graph\">{\"@context\":\"https:\/\/schema.org\",\"@graph\":[{\"@type\":\"WebPage\",\"@id\":\"https:\/\/centrodesarrollolocal.uc.cl\/en\/lineas_de_accion\/\",\"url\":\"https:\/\/centrodesarrollolocal.uc.cl\/en\/lineas_de_accion\/\",\"name\":\"L\u00edneas de investigaci\u00f3n y desarrollo\",\"isPartOf\":{\"@id\":\"https:\/\/centrodesarrollolocal.uc.cl\/#website\"},\"datePublished\":\"2022-02-18T17:59:05+00:00\",\"dateModified\":\"2025-06-03T20:56:06+00:00\",\"description\":\"A trav\u00e9s de cuatro l\u00edneas de investigaci\u00f3n, el Centro promueve investigaciones pertinentes con los territorios.\",\"breadcrumb\":{\"@id\":\"https:\/\/centrodesarrollolocal.uc.cl\/en\/lineas_de_accion\/#breadcrumb\"},\"inLanguage\":\"en-US\",\"potentialAction\":[{\"@type\":\"ReadAction\",\"target\":[\"https:\/\/centrodesarrollolocal.uc.cl\/en\/lineas_de_accion\/\"]}]},{\"@type\":\"BreadcrumbList\",\"@id\":\"https:\/\/centrodesarrollolocal.uc.cl\/en\/lineas_de_accion\/#breadcrumb\",\"itemListElement\":[{\"@type\":\"ListItem\",\"position\":1,\"name\":\"Portada\",\"item\":\"https:\/\/centrodesarrollolocal.uc.cl\/\"},{\"@type\":\"ListItem\",\"position\":2,\"name\":\"L\u00edneas de investigaci\u00f3n y desarrollo\"}]},{\"@type\":\"WebSite\",\"@id\":\"https:\/\/centrodesarrollolocal.uc.cl\/#website\",\"url\":\"https:\/\/centrodesarrollolocal.uc.cl\/\",\"name\":\"Centro UC Desarrollo Local\",\"description\":\"Creemos en la importancia de promover y facilitar la sustentabilidad local en una era global\",\"potentialAction\":[{\"@type\":\"SearchAction\",\"target\":{\"@type\":\"EntryPoint\",\"urlTemplate\":\"https:\/\/centrodesarrollolocal.uc.cl\/?s={search_term_string}\"},\"query-input\":{\"@type\":\"PropertyValueSpecification\",\"valueRequired\":true,\"valueName\":\"search_term_string\"}}],\"inLanguage\":\"en-US\"}]}<\/script>\n<!-- \/ Yoast SEO plugin. -->","yoast_head_json":{"title":"L\u00edneas de investigaci\u00f3n y desarrollo","description":"A trav\u00e9s de cuatro l\u00edneas de investigaci\u00f3n, el Centro promueve investigaciones pertinentes con los territorios.","robots":{"index":"index","follow":"follow","max-snippet":"max-snippet:-1","max-image-preview":"max-image-preview:large","max-video-preview":"max-video-preview:-1"},"canonical":"https:\/\/centrodesarrollolocal.uc.cl\/en\/lineas_de_accion\/","og_locale":"en_US","og_type":"article","og_title":"L\u00edneas de investigaci\u00f3n y desarrollo","og_description":"A trav\u00e9s de cuatro l\u00edneas de investigaci\u00f3n, el Centro promueve investigaciones pertinentes con los territorios.","og_url":"https:\/\/centrodesarrollolocal.uc.cl\/en\/lineas_de_accion\/","og_site_name":"Centro UC Desarrollo Local","article_modified_time":"2025-06-03T20:56:06+00:00","twitter_card":"summary_large_image","twitter_misc":{"Est. reading time":"1 minute"},"schema":{"@context":"https:\/\/schema.org","@graph":[{"@type":"WebPage","@id":"https:\/\/centrodesarrollolocal.uc.cl\/en\/lineas_de_accion\/","url":"https:\/\/centrodesarrollolocal.uc.cl\/en\/lineas_de_accion\/","name":"L\u00edneas de investigaci\u00f3n y desarrollo","isPartOf":{"@id":"https:\/\/centrodesarrollolocal.uc.cl\/#website"},"datePublished":"2022-02-18T17:59:05+00:00","dateModified":"2025-06-03T20:56:06+00:00","description":"A trav\u00e9s de cuatro l\u00edneas de investigaci\u00f3n, el Centro promueve investigaciones pertinentes con los territorios.","breadcrumb":{"@id":"https:\/\/centrodesarrollolocal.uc.cl\/en\/lineas_de_accion\/#breadcrumb"},"inLanguage":"en-US","potentialAction":[{"@type":"ReadAction","target":["https:\/\/centrodesarrollolocal.uc.cl\/en\/lineas_de_accion\/"]}]},{"@type":"BreadcrumbList","@id":"https:\/\/centrodesarrollolocal.uc.cl\/en\/lineas_de_accion\/#breadcrumb","itemListElement":[{"@type":"ListItem","position":1,"name":"Portada","item":"https:\/\/centrodesarrollolocal.uc.cl\/"},{"@type":"ListItem","position":2,"name":"L\u00edneas de investigaci\u00f3n y desarrollo"}]},{"@type":"WebSite","@id":"https:\/\/centrodesarrollolocal.uc.cl\/#website","url":"https:\/\/centrodesarrollolocal.uc.cl\/","name":"Centro UC Desarrollo Local","description":"Creemos en la importancia de promover y facilitar la sustentabilidad local en una era global","potentialAction":[{"@type":"SearchAction","target":{"@type":"EntryPoint","urlTemplate":"https:\/\/centrodesarrollolocal.uc.cl\/?s={search_term_string}"},"query-input":{"@type":"PropertyValueSpecification","valueRequired":true,"valueName":"search_term_string"}}],"inLanguage":"en-US"}]}},"_links":{"self":[{"href":"https:\/\/centrodesarrollolocal.uc.cl\/en\/wp-json\/wp\/v2\/pages\/1452","targetHints":{"allow":["GET"]}}],"collection":[{"href":"https:\/\/centrodesarrollolocal.uc.cl\/en\/wp-json\/wp\/v2\/pages"}],"about":[{"href":"https:\/\/centrodesarrollolocal.uc.cl\/en\/wp-json\/wp\/v2\/types\/page"}],"author":[{"embeddable":true,"href":"https:\/\/centrodesarrollolocal.uc.cl\/en\/wp-json\/wp\/v2\/users\/1"}],"replies":[{"embeddable":true,"href":"https:\/\/centrodesarrollolocal.uc.cl\/en\/wp-json\/wp\/v2\/comments?post=1452"}],"version-history":[{"count":3,"href":"https:\/\/centrodesarrollolocal.uc.cl\/en\/wp-json\/wp\/v2\/pages\/1452\/revisions"}],"predecessor-version":[{"id":4797,"href":"https:\/\/centrodesarrollolocal.uc.cl\/en\/wp-json\/wp\/v2\/pages\/1452\/revisions\/4797"}],"wp:attachment":[{"href":"https:\/\/centrodesarrollolocal.uc.cl\/en\/wp-json\/wp\/v2\/media?parent=1452"}],"curies":[{"name":"wp","href":"https:\/\/api.w.org\/{rel}","templated":true}]}}