{"id":1450,"date":"2022-03-02T17:35:55","date_gmt":"2022-03-02T20:35:55","guid":{"rendered":"https:\/\/skymedia2.works\/cedel\/the-center\/equipo\/"},"modified":"2025-11-05T10:57:07","modified_gmt":"2025-11-05T13:57:07","slug":"equipo","status":"publish","type":"page","link":"https:\/\/centrodesarrollolocal.uc.cl\/en\/el-centro\/equipo\/","title":{"rendered":"Equipo"},"content":{"rendered":"\n<p>El Centro UC de Desarrollo Local se sostiene en equipos conformados por investigadores, profesionales y administrativos de distintas \u00e1reas, adem\u00e1s de aquellos y aquellas profesionales que son parte de los proyectos y programas que se ejecutan desde el Centro. <\/p>\n\n\n\n<p>Actualmente, el CEDEL UC tiene un equipo conformado por un <strong>Consejo Directivo<\/strong>, donde cada facultad adscrita tiene representaci\u00f3n, adem\u00e1s del Campus Villarrica; un<strong> equipo de investigadores e investigadoras <\/strong>principales, asociados y postdoctorales; una mesa de <strong>Coordinaci\u00f3n<\/strong>, compuesta por directores y coordinadores de programas y \u00e1reas, adem\u00e1s de los profesionales y administrativos asociados a la coordinaci\u00f3n General y de Comunicaciones; el equipo en Villarrica de <strong>Valoras UC<\/strong> y sus iniciativas; el equipo del <strong>PAR Explora La Araucan\u00eda <\/strong>2025-2026; y el equipo de los programas que se encuentran bajo el convenio entre CEDEL UC y Fundaci\u00f3n Ib\u00e1\u00f1ez Atkinson, el <strong>Programa Huerta Escuela <\/strong>(PHE) y el concurso <strong>Explorando mi Entorno<\/strong>.  <\/p>\n\n\n\n<p><\/p>\n","protected":false},"excerpt":{"rendered":"<p>El Centro UC de Desarrollo Local se sostiene en equipos conformados por investigadores, profesionales y administrativos de distintas \u00e1reas, adem\u00e1s de aquellos y aquellas profesionales que son parte de los proyectos y programas que se ejecutan desde el Centro. Actualmente, el CEDEL UC tiene un equipo conformado por un Consejo Directivo, donde cada facultad adscrita [&hellip;]<\/p>\n","protected":false},"author":1,"featured_media":0,"parent":858,"menu_order":7,"comment_status":"closed","ping_status":"closed","template":"page-template-equipo.php","meta":{"_acf_changed":false,"footnotes":""},"class_list":["post-1450","page","type-page","status-publish","hentry"],"acf":[],"yoast_head":"<!-- This site is optimized with the Yoast SEO plugin v24.6 - https:\/\/yoast.com\/wordpress\/plugins\/seo\/ -->\n<title>Equipo<\/title>\n<meta name=\"robots\" content=\"index, follow, max-snippet:-1, max-image-preview:large, max-video-preview:-1\" \/>\n<link rel=\"canonical\" href=\"https:\/\/centrodesarrollolocal.uc.cl\/en\/el-centro\/equipo\/\" \/>\n<meta property=\"og:locale\" content=\"en_US\" \/>\n<meta property=\"og:type\" content=\"article\" \/>\n<meta property=\"og:title\" content=\"Equipo\" \/>\n<meta property=\"og:description\" content=\"El Centro UC de Desarrollo Local se sostiene en equipos conformados por investigadores, profesionales y administrativos de distintas \u00e1reas, adem\u00e1s de aquellos y aquellas profesionales que son parte de los proyectos y programas que se ejecutan desde el Centro. Actualmente, el CEDEL UC tiene un equipo conformado por un Consejo Directivo, donde cada facultad adscrita [&hellip;]\" \/>\n<meta property=\"og:url\" content=\"https:\/\/centrodesarrollolocal.uc.cl\/en\/el-centro\/equipo\/\" \/>\n<meta property=\"og:site_name\" content=\"Centro UC Desarrollo Local\" \/>\n<meta property=\"article:modified_time\" content=\"2025-11-05T13:57:07+00:00\" \/>\n<meta name=\"twitter:card\" content=\"summary_large_image\" \/>\n<meta name=\"twitter:label1\" content=\"Est. reading time\" \/>\n\t<meta name=\"twitter:data1\" content=\"1 minute\" \/>\n<script type=\"application\/ld+json\" class=\"yoast-schema-graph\">{\"@context\":\"https:\/\/schema.org\",\"@graph\":[{\"@type\":\"WebPage\",\"@id\":\"https:\/\/centrodesarrollolocal.uc.cl\/en\/el-centro\/equipo\/\",\"url\":\"https:\/\/centrodesarrollolocal.uc.cl\/en\/el-centro\/equipo\/\",\"name\":\"Equipo\",\"isPartOf\":{\"@id\":\"https:\/\/centrodesarrollolocal.uc.cl\/#website\"},\"datePublished\":\"2022-03-02T20:35:55+00:00\",\"dateModified\":\"2025-11-05T13:57:07+00:00\",\"breadcrumb\":{\"@id\":\"https:\/\/centrodesarrollolocal.uc.cl\/en\/el-centro\/equipo\/#breadcrumb\"},\"inLanguage\":\"en-US\",\"potentialAction\":[{\"@type\":\"ReadAction\",\"target\":[\"https:\/\/centrodesarrollolocal.uc.cl\/en\/el-centro\/equipo\/\"]}]},{\"@type\":\"BreadcrumbList\",\"@id\":\"https:\/\/centrodesarrollolocal.uc.cl\/en\/el-centro\/equipo\/#breadcrumb\",\"itemListElement\":[{\"@type\":\"ListItem\",\"position\":1,\"name\":\"Portada\",\"item\":\"https:\/\/centrodesarrollolocal.uc.cl\/\"},{\"@type\":\"ListItem\",\"position\":2,\"name\":\"El Centro\",\"item\":\"https:\/\/centrodesarrollolocal.uc.cl\/en\/el-centro\/\"},{\"@type\":\"ListItem\",\"position\":3,\"name\":\"Equipo\"}]},{\"@type\":\"WebSite\",\"@id\":\"https:\/\/centrodesarrollolocal.uc.cl\/#website\",\"url\":\"https:\/\/centrodesarrollolocal.uc.cl\/\",\"name\":\"Centro UC Desarrollo Local\",\"description\":\"Creemos en la importancia de promover y facilitar la sustentabilidad local en una era global\",\"potentialAction\":[{\"@type\":\"SearchAction\",\"target\":{\"@type\":\"EntryPoint\",\"urlTemplate\":\"https:\/\/centrodesarrollolocal.uc.cl\/?s={search_term_string}\"},\"query-input\":{\"@type\":\"PropertyValueSpecification\",\"valueRequired\":true,\"valueName\":\"search_term_string\"}}],\"inLanguage\":\"en-US\"}]}<\/script>\n<!-- \/ Yoast SEO plugin. -->","yoast_head_json":{"title":"Equipo","robots":{"index":"index","follow":"follow","max-snippet":"max-snippet:-1","max-image-preview":"max-image-preview:large","max-video-preview":"max-video-preview:-1"},"canonical":"https:\/\/centrodesarrollolocal.uc.cl\/en\/el-centro\/equipo\/","og_locale":"en_US","og_type":"article","og_title":"Equipo","og_description":"El Centro UC de Desarrollo Local se sostiene en equipos conformados por investigadores, profesionales y administrativos de distintas \u00e1reas, adem\u00e1s de aquellos y aquellas profesionales que son parte de los proyectos y programas que se ejecutan desde el Centro. Actualmente, el CEDEL UC tiene un equipo conformado por un Consejo Directivo, donde cada facultad adscrita [&hellip;]","og_url":"https:\/\/centrodesarrollolocal.uc.cl\/en\/el-centro\/equipo\/","og_site_name":"Centro UC Desarrollo Local","article_modified_time":"2025-11-05T13:57:07+00:00","twitter_card":"summary_large_image","twitter_misc":{"Est. reading time":"1 minute"},"schema":{"@context":"https:\/\/schema.org","@graph":[{"@type":"WebPage","@id":"https:\/\/centrodesarrollolocal.uc.cl\/en\/el-centro\/equipo\/","url":"https:\/\/centrodesarrollolocal.uc.cl\/en\/el-centro\/equipo\/","name":"Equipo","isPartOf":{"@id":"https:\/\/centrodesarrollolocal.uc.cl\/#website"},"datePublished":"2022-03-02T20:35:55+00:00","dateModified":"2025-11-05T13:57:07+00:00","breadcrumb":{"@id":"https:\/\/centrodesarrollolocal.uc.cl\/en\/el-centro\/equipo\/#breadcrumb"},"inLanguage":"en-US","potentialAction":[{"@type":"ReadAction","target":["https:\/\/centrodesarrollolocal.uc.cl\/en\/el-centro\/equipo\/"]}]},{"@type":"BreadcrumbList","@id":"https:\/\/centrodesarrollolocal.uc.cl\/en\/el-centro\/equipo\/#breadcrumb","itemListElement":[{"@type":"ListItem","position":1,"name":"Portada","item":"https:\/\/centrodesarrollolocal.uc.cl\/"},{"@type":"ListItem","position":2,"name":"El Centro","item":"https:\/\/centrodesarrollolocal.uc.cl\/en\/el-centro\/"},{"@type":"ListItem","position":3,"name":"Equipo"}]},{"@type":"WebSite","@id":"https:\/\/centrodesarrollolocal.uc.cl\/#website","url":"https:\/\/centrodesarrollolocal.uc.cl\/","name":"Centro UC Desarrollo Local","description":"Creemos en la importancia de promover y facilitar la sustentabilidad local en una era global","potentialAction":[{"@type":"SearchAction","target":{"@type":"EntryPoint","urlTemplate":"https:\/\/centrodesarrollolocal.uc.cl\/?s={search_term_string}"},"query-input":{"@type":"PropertyValueSpecification","valueRequired":true,"valueName":"search_term_string"}}],"inLanguage":"en-US"}]}},"_links":{"self":[{"href":"https:\/\/centrodesarrollolocal.uc.cl\/en\/wp-json\/wp\/v2\/pages\/1450","targetHints":{"allow":["GET"]}}],"collection":[{"href":"https:\/\/centrodesarrollolocal.uc.cl\/en\/wp-json\/wp\/v2\/pages"}],"about":[{"href":"https:\/\/centrodesarrollolocal.uc.cl\/en\/wp-json\/wp\/v2\/types\/page"}],"author":[{"embeddable":true,"href":"https:\/\/centrodesarrollolocal.uc.cl\/en\/wp-json\/wp\/v2\/users\/1"}],"replies":[{"embeddable":true,"href":"https:\/\/centrodesarrollolocal.uc.cl\/en\/wp-json\/wp\/v2\/comments?post=1450"}],"version-history":[{"count":1,"href":"https:\/\/centrodesarrollolocal.uc.cl\/en\/wp-json\/wp\/v2\/pages\/1450\/revisions"}],"predecessor-version":[{"id":6719,"href":"https:\/\/centrodesarrollolocal.uc.cl\/en\/wp-json\/wp\/v2\/pages\/1450\/revisions\/6719"}],"up":[{"embeddable":true,"href":"https:\/\/centrodesarrollolocal.uc.cl\/en\/wp-json\/wp\/v2\/pages\/858"}],"wp:attachment":[{"href":"https:\/\/centrodesarrollolocal.uc.cl\/en\/wp-json\/wp\/v2\/media?parent=1450"}],"curies":[{"name":"wp","href":"https:\/\/api.w.org\/{rel}","templated":true}]}}