{"id":1447,"date":"2022-04-22T10:29:35","date_gmt":"2022-04-22T14:29:35","guid":{"rendered":"https:\/\/skymedia2.works\/cedel\/comunidad-cedel\/"},"modified":"2025-04-30T12:51:49","modified_gmt":"2025-04-30T16:51:49","slug":"comunidad-cedel","status":"publish","type":"page","link":"https:\/\/centrodesarrollolocal.uc.cl\/en\/comunidad-cedel\/","title":{"rendered":"Comunidad CEDEL"},"content":{"rendered":"\n<p>Nuestro Centro se compone por acad\u00e9micos, asistentes de investigaci\u00f3n, profesionales y administrativos que d\u00eda a d\u00eda construyen el trabajo que da forma a nuestra misi\u00f3n institucional. <\/p>\n\n\n\n<p><\/p>\n","protected":false},"excerpt":{"rendered":"<p>Nuestro Centro se compone por acad\u00e9micos, asistentes de investigaci\u00f3n, profesionales y administrativos que d\u00eda a d\u00eda construyen el trabajo que da forma a nuestra misi\u00f3n institucional.<\/p>\n","protected":false},"author":1,"featured_media":0,"parent":0,"menu_order":0,"comment_status":"closed","ping_status":"closed","template":"page-template-comunidad.php","meta":{"_acf_changed":false,"footnotes":""},"class_list":["post-1447","page","type-page","status-publish","hentry"],"acf":[],"yoast_head":"<!-- This site is optimized with the Yoast SEO plugin v24.6 - https:\/\/yoast.com\/wordpress\/plugins\/seo\/ -->\n<title>Comunidad CEDEL<\/title>\n<meta name=\"description\" content=\"Cedel UC lo hacemos entre todos y todas. Te presentamos una secci\u00f3n donde podr\u00e1s conocer m\u00e1s sobre nuestra comunidad.\" \/>\n<meta name=\"robots\" content=\"index, follow, max-snippet:-1, max-image-preview:large, max-video-preview:-1\" \/>\n<link rel=\"canonical\" href=\"https:\/\/centrodesarrollolocal.uc.cl\/en\/comunidad-cedel\/\" \/>\n<meta property=\"og:locale\" content=\"en_US\" \/>\n<meta property=\"og:type\" content=\"article\" \/>\n<meta property=\"og:title\" content=\"Comunidad CEDEL\" \/>\n<meta property=\"og:description\" content=\"Cedel UC lo hacemos entre todos y todas. Te presentamos una secci\u00f3n donde podr\u00e1s conocer m\u00e1s sobre nuestra comunidad.\" \/>\n<meta property=\"og:url\" content=\"https:\/\/centrodesarrollolocal.uc.cl\/en\/comunidad-cedel\/\" \/>\n<meta property=\"og:site_name\" content=\"Centro UC Desarrollo Local\" \/>\n<meta property=\"article:modified_time\" content=\"2025-04-30T16:51:49+00:00\" \/>\n<meta name=\"twitter:card\" content=\"summary_large_image\" \/>\n<meta name=\"twitter:label1\" content=\"Est. reading time\" \/>\n\t<meta name=\"twitter:data1\" content=\"1 minute\" \/>\n<script type=\"application\/ld+json\" class=\"yoast-schema-graph\">{\"@context\":\"https:\/\/schema.org\",\"@graph\":[{\"@type\":\"WebPage\",\"@id\":\"https:\/\/centrodesarrollolocal.uc.cl\/en\/comunidad-cedel\/\",\"url\":\"https:\/\/centrodesarrollolocal.uc.cl\/en\/comunidad-cedel\/\",\"name\":\"Comunidad CEDEL\",\"isPartOf\":{\"@id\":\"https:\/\/centrodesarrollolocal.uc.cl\/#website\"},\"datePublished\":\"2022-04-22T14:29:35+00:00\",\"dateModified\":\"2025-04-30T16:51:49+00:00\",\"description\":\"Cedel UC lo hacemos entre todos y todas. Te presentamos una secci\u00f3n donde podr\u00e1s conocer m\u00e1s sobre nuestra comunidad.\",\"breadcrumb\":{\"@id\":\"https:\/\/centrodesarrollolocal.uc.cl\/en\/comunidad-cedel\/#breadcrumb\"},\"inLanguage\":\"en-US\",\"potentialAction\":[{\"@type\":\"ReadAction\",\"target\":[\"https:\/\/centrodesarrollolocal.uc.cl\/en\/comunidad-cedel\/\"]}]},{\"@type\":\"BreadcrumbList\",\"@id\":\"https:\/\/centrodesarrollolocal.uc.cl\/en\/comunidad-cedel\/#breadcrumb\",\"itemListElement\":[{\"@type\":\"ListItem\",\"position\":1,\"name\":\"Portada\",\"item\":\"https:\/\/centrodesarrollolocal.uc.cl\/\"},{\"@type\":\"ListItem\",\"position\":2,\"name\":\"Comunidad CEDEL\"}]},{\"@type\":\"WebSite\",\"@id\":\"https:\/\/centrodesarrollolocal.uc.cl\/#website\",\"url\":\"https:\/\/centrodesarrollolocal.uc.cl\/\",\"name\":\"Centro UC Desarrollo Local\",\"description\":\"Creemos en la importancia de promover y facilitar la sustentabilidad local en una era global\",\"potentialAction\":[{\"@type\":\"SearchAction\",\"target\":{\"@type\":\"EntryPoint\",\"urlTemplate\":\"https:\/\/centrodesarrollolocal.uc.cl\/?s={search_term_string}\"},\"query-input\":{\"@type\":\"PropertyValueSpecification\",\"valueRequired\":true,\"valueName\":\"search_term_string\"}}],\"inLanguage\":\"en-US\"}]}<\/script>\n<!-- \/ Yoast SEO plugin. -->","yoast_head_json":{"title":"Comunidad CEDEL","description":"Cedel UC lo hacemos entre todos y todas. Te presentamos una secci\u00f3n donde podr\u00e1s conocer m\u00e1s sobre nuestra comunidad.","robots":{"index":"index","follow":"follow","max-snippet":"max-snippet:-1","max-image-preview":"max-image-preview:large","max-video-preview":"max-video-preview:-1"},"canonical":"https:\/\/centrodesarrollolocal.uc.cl\/en\/comunidad-cedel\/","og_locale":"en_US","og_type":"article","og_title":"Comunidad CEDEL","og_description":"Cedel UC lo hacemos entre todos y todas. Te presentamos una secci\u00f3n donde podr\u00e1s conocer m\u00e1s sobre nuestra comunidad.","og_url":"https:\/\/centrodesarrollolocal.uc.cl\/en\/comunidad-cedel\/","og_site_name":"Centro UC Desarrollo Local","article_modified_time":"2025-04-30T16:51:49+00:00","twitter_card":"summary_large_image","twitter_misc":{"Est. reading time":"1 minute"},"schema":{"@context":"https:\/\/schema.org","@graph":[{"@type":"WebPage","@id":"https:\/\/centrodesarrollolocal.uc.cl\/en\/comunidad-cedel\/","url":"https:\/\/centrodesarrollolocal.uc.cl\/en\/comunidad-cedel\/","name":"Comunidad CEDEL","isPartOf":{"@id":"https:\/\/centrodesarrollolocal.uc.cl\/#website"},"datePublished":"2022-04-22T14:29:35+00:00","dateModified":"2025-04-30T16:51:49+00:00","description":"Cedel UC lo hacemos entre todos y todas. Te presentamos una secci\u00f3n donde podr\u00e1s conocer m\u00e1s sobre nuestra comunidad.","breadcrumb":{"@id":"https:\/\/centrodesarrollolocal.uc.cl\/en\/comunidad-cedel\/#breadcrumb"},"inLanguage":"en-US","potentialAction":[{"@type":"ReadAction","target":["https:\/\/centrodesarrollolocal.uc.cl\/en\/comunidad-cedel\/"]}]},{"@type":"BreadcrumbList","@id":"https:\/\/centrodesarrollolocal.uc.cl\/en\/comunidad-cedel\/#breadcrumb","itemListElement":[{"@type":"ListItem","position":1,"name":"Portada","item":"https:\/\/centrodesarrollolocal.uc.cl\/"},{"@type":"ListItem","position":2,"name":"Comunidad CEDEL"}]},{"@type":"WebSite","@id":"https:\/\/centrodesarrollolocal.uc.cl\/#website","url":"https:\/\/centrodesarrollolocal.uc.cl\/","name":"Centro UC Desarrollo Local","description":"Creemos en la importancia de promover y facilitar la sustentabilidad local en una era global","potentialAction":[{"@type":"SearchAction","target":{"@type":"EntryPoint","urlTemplate":"https:\/\/centrodesarrollolocal.uc.cl\/?s={search_term_string}"},"query-input":{"@type":"PropertyValueSpecification","valueRequired":true,"valueName":"search_term_string"}}],"inLanguage":"en-US"}]}},"_links":{"self":[{"href":"https:\/\/centrodesarrollolocal.uc.cl\/en\/wp-json\/wp\/v2\/pages\/1447","targetHints":{"allow":["GET"]}}],"collection":[{"href":"https:\/\/centrodesarrollolocal.uc.cl\/en\/wp-json\/wp\/v2\/pages"}],"about":[{"href":"https:\/\/centrodesarrollolocal.uc.cl\/en\/wp-json\/wp\/v2\/types\/page"}],"author":[{"embeddable":true,"href":"https:\/\/centrodesarrollolocal.uc.cl\/en\/wp-json\/wp\/v2\/users\/1"}],"replies":[{"embeddable":true,"href":"https:\/\/centrodesarrollolocal.uc.cl\/en\/wp-json\/wp\/v2\/comments?post=1447"}],"version-history":[{"count":0,"href":"https:\/\/centrodesarrollolocal.uc.cl\/en\/wp-json\/wp\/v2\/pages\/1447\/revisions"}],"wp:attachment":[{"href":"https:\/\/centrodesarrollolocal.uc.cl\/en\/wp-json\/wp\/v2\/media?parent=1447"}],"curies":[{"name":"wp","href":"https:\/\/api.w.org\/{rel}","templated":true}]}}